{"id":15,"date":"2025-12-17T12:49:49","date_gmt":"2025-12-17T12:49:49","guid":{"rendered":"https:\/\/www.iiniciativa.cz\/?page_id=15"},"modified":"2026-04-10T08:07:19","modified_gmt":"2026-04-10T08:07:19","slug":"volebni-program","status":"publish","type":"page","link":"https:\/\/www.iiniciativa.cz\/?page_id=15","title":{"rendered":"VOLEBN\u00cd PROGRAM"},"content":{"rendered":"\n<p><\/p>\n\n\n\n<div class=\"wp-block-media-text alignwide has-media-on-the-right is-stacked-on-mobile is-vertically-aligned-center has-background\" style=\"background-color:#f1f5c7;grid-template-columns:auto 35%\"><div class=\"wp-block-media-text__content\">\n<div class=\"wp-block-group\" style=\"padding-top:2em;padding-right:2em;padding-bottom:2em;padding-left:2em\"><div class=\"wp-block-group__inner-container is-layout-flow wp-block-group-is-layout-flow\">\n<p style=\"font-size:36px;line-height:1.2\"><strong>VOLEBN\u00cd PROGRAM<\/strong><\/p>\n\n\n<\/div><\/div>\n\n\n\n<p><\/p>\n\n\n\n<details class=\"wp-block-details has-medium-font-size is-layout-flow wp-block-details-is-layout-flow\" style=\"font-style:normal;font-weight:500\"><summary>Volebn\u00ed program iniciativy Nejen pro mlad\u00e9 pro komun\u00e1ln\u00ed volby 2026 v Karlovic\u00edch stav\u00ed na spolupr\u00e1ci v\u0161ech generac\u00ed a zd\u016fraz\u0148uje pragmatick\u00e1 \u0159e\u0161en\u00ed, otev\u0159enou komunikaci, f\u00e9rov\u00e9 hospoda\u0159en\u00ed, rovnost ob\u010dan\u016f a jasnou vizi rozvoje obce.<br><br>Mezi hlavn\u00ed priority pat\u0159\u00ed rychl\u00e9 zlep\u0161en\u00ed bezpe\u010dnosti na cest\u00e1ch budov\u00e1n\u00edm chodn\u00edk\u016f a cyklotras a \u0159e\u0161en\u00edm rizikov\u00fdch m\u00edst, d\u00e1le snaha o sn\u00ed\u017een\u00ed n\u00e1klad\u016f na bydlen\u00ed, zejm\u00e9na za vodu, kanalizaci a energie, a tak\u00e9 aktivn\u00ed komunikace s ob\u010dany, podpora komunitn\u00edch akc\u00ed a zapojen\u00ed senior\u016f do \u017eivota obce. <br><br>Kandidatura vych\u00e1z\u00ed z p\u0159esv\u011bd\u010den\u00ed, \u017ee Karlovice maj\u00ed velk\u00fd potenci\u00e1l, kter\u00fd je t\u0159eba rozv\u00edjet po n\u00e1ro\u010dn\u00fdch letech, a c\u00edlem je vytvo\u0159it modern\u00ed obec, kde se dob\u0159e \u017eije v\u0161em, bez zbyte\u010dn\u00e9 byrokracie a nere\u00e1ln\u00fdch slib\u016f, s d\u016frazem na \u0159e\u0161en\u00ed ka\u017edodenn\u00edch probl\u00e9m\u016f obyvatel.<\/summary>\n<p><\/p>\n<\/details>\n\n\n\n<div style=\"height:100px\" aria-hidden=\"true\" class=\"wp-block-spacer\"><\/div>\n\n\n\n<div class=\"wp-block-buttons is-content-justification-right is-nowrap is-layout-flex wp-container-core-buttons-is-layout-f5f3ae2a wp-block-buttons-is-layout-flex\">\n<div class=\"wp-block-button has-custom-width wp-block-button__width-50 is-style-outline is-style-outline--1\"><a class=\"wp-block-button__link has-white-color has-text-color has-background has-link-color has-medium-font-size has-custom-font-size wp-element-button\" href=\"http:\/\/www.iiniciativa.cz\/wp-content\/uploads\/2026\/04\/Iniciativa-volebni-program.pdf\" style=\"border-top-left-radius:5px;border-top-right-radius:5px;border-bottom-left-radius:5px;border-bottom-right-radius:5px;background-color:#0f6143\">Zobrazit cel\u00fd program<\/a><\/div>\n<\/div>\n\n\n\n<div style=\"height:100px\" aria-hidden=\"true\" class=\"wp-block-spacer\"><\/div>\n<\/div><figure class=\"wp-block-media-text__media\"><img decoding=\"async\" src=\"https:\/\/s.w.org\/patterns\/files\/2021\/06\/pear-1-1024x1024.png\" alt=\"\" class=\"wp-image-5263 size-full\"\/><\/figure><\/div>\n\n\n\n<div class=\"wp-block-columns is-layout-flex wp-container-core-columns-is-layout-9d6595d7 wp-block-columns-is-layout-flex\">\n<div class=\"wp-block-column is-layout-flow wp-block-column-is-layout-flow\" style=\"flex-basis:10%\"><\/div>\n\n\n\n<div class=\"wp-block-column is-layout-flow wp-block-column-is-layout-flow\"><\/div>\n\n\n\n<div class=\"wp-block-column is-layout-flow wp-block-column-is-layout-flow\"><\/div>\n\n\n\n<div class=\"wp-block-column is-layout-flow wp-block-column-is-layout-flow\" style=\"flex-basis:10%\"><\/div>\n<\/div>\n\n\n\n<div class=\"wp-block-columns is-layout-flex wp-container-core-columns-is-layout-9d6595d7 wp-block-columns-is-layout-flex\">\n<div class=\"wp-block-column is-layout-flow wp-block-column-is-layout-flow\"><\/div>\n\n\n\n<div class=\"wp-block-column is-layout-flow wp-block-column-is-layout-flow\"><\/div>\n<\/div>\n\n\n\n<p><\/p>\n","protected":false},"excerpt":{"rendered":"","protected":false},"author":1,"featured_media":112,"parent":0,"menu_order":1,"comment_status":"closed","ping_status":"closed","template":"page-template\/custom-home-page.php","meta":{"_regular_price":[],"currency_symbol":[],"footnotes":""},"class_list":["post-15","page","type-page","status-publish","has-post-thumbnail","hentry"],"post_slider_layout_featured_media_urls":{"thumbnail":["https:\/\/www.iiniciativa.cz\/wp-content\/uploads\/2026\/04\/hruska-cela-150x150.png",150,150,true],"post_slider_layout_landscape_large":["https:\/\/www.iiniciativa.cz\/wp-content\/uploads\/2026\/04\/hruska-cela-1024x800.png",1024,800,true],"post_slider_layout_portrait_large":["https:\/\/www.iiniciativa.cz\/wp-content\/uploads\/2026\/04\/hruska-cela.png",1024,1024,false],"post_slider_layout_square_large":["https:\/\/www.iiniciativa.cz\/wp-content\/uploads\/2026\/04\/hruska-cela.png",1024,1024,false],"post_slider_layout_landscape":["https:\/\/www.iiniciativa.cz\/wp-content\/uploads\/2026\/04\/hruska-cela-600x400.png",600,400,true],"post_slider_layout_portrait":["https:\/\/www.iiniciativa.cz\/wp-content\/uploads\/2026\/04\/hruska-cela-600x900.png",600,900,true],"post_slider_layout_square":["https:\/\/www.iiniciativa.cz\/wp-content\/uploads\/2026\/04\/hruska-cela-600x600.png",600,600,true],"full":["https:\/\/www.iiniciativa.cz\/wp-content\/uploads\/2026\/04\/hruska-cela.png",1024,1024,false]},"_links":{"self":[{"href":"https:\/\/www.iiniciativa.cz\/index.php?rest_route=\/wp\/v2\/pages\/15","targetHints":{"allow":["GET"]}}],"collection":[{"href":"https:\/\/www.iiniciativa.cz\/index.php?rest_route=\/wp\/v2\/pages"}],"about":[{"href":"https:\/\/www.iiniciativa.cz\/index.php?rest_route=\/wp\/v2\/types\/page"}],"author":[{"embeddable":true,"href":"https:\/\/www.iiniciativa.cz\/index.php?rest_route=\/wp\/v2\/users\/1"}],"replies":[{"embeddable":true,"href":"https:\/\/www.iiniciativa.cz\/index.php?rest_route=%2Fwp%2Fv2%2Fcomments&post=15"}],"version-history":[{"count":17,"href":"https:\/\/www.iiniciativa.cz\/index.php?rest_route=\/wp\/v2\/pages\/15\/revisions"}],"predecessor-version":[{"id":102,"href":"https:\/\/www.iiniciativa.cz\/index.php?rest_route=\/wp\/v2\/pages\/15\/revisions\/102"}],"wp:featuredmedia":[{"embeddable":true,"href":"https:\/\/www.iiniciativa.cz\/index.php?rest_route=\/wp\/v2\/media\/112"}],"wp:attachment":[{"href":"https:\/\/www.iiniciativa.cz\/index.php?rest_route=%2Fwp%2Fv2%2Fmedia&parent=15"}],"curies":[{"name":"wp","href":"https:\/\/api.w.org\/{rel}","templated":true}]}}