{"id":18,"date":"2025-12-17T12:50:45","date_gmt":"2025-12-17T12:50:45","guid":{"rendered":"https:\/\/www.iiniciativa.cz\/?page_id=18"},"modified":"2026-04-10T08:06:43","modified_gmt":"2026-04-10T08:06:43","slug":"proc-vlastne-kandidujeme","status":"publish","type":"page","link":"https:\/\/www.iiniciativa.cz\/?page_id=18","title":{"rendered":"PRO\u010c VLASTN\u011a KANDIDUJEME?"},"content":{"rendered":"\n<p>&nbsp;<\/p>\n\n\n\n<div class=\"wp-block-media-text alignwide is-stacked-on-mobile is-vertically-aligned-center has-background\" style=\"background-color:#fffdea;grid-template-columns:35% auto\"><figure class=\"wp-block-media-text__media\"><img decoding=\"async\" src=\"https:\/\/s.w.org\/patterns\/files\/2021\/06\/pear-half-1024x1024.png\" alt=\"\" class=\"wp-image-673 size-full\"\/><\/figure><div class=\"wp-block-media-text__content\">\n<div class=\"wp-block-group\" style=\"padding-top:2em;padding-right:2em;padding-bottom:2em;padding-left:2em\"><div class=\"wp-block-group__inner-container is-layout-flow wp-block-group-is-layout-flow\">\n<p class=\"has-large-font-size\" style=\"line-height:1.2\"><strong>PRO\u010c VLASTN\u011a KANDIDUJEME?<\/strong><\/p>\n\n\n\n<p style=\"font-size:20px;font-style:normal;font-weight:500\">(Dobr\u00e1 ot\u00e1zka! Mohli bychom p\u0159ece v klidu sed\u011bt doma&#8230;)<br>Na\u0161e Karlovice nejsou velk\u00e1 obec, ale maj\u00ed obrovsk\u00fd potenci\u00e1l. Posledn\u00edch p\u00e1r let bylo n\u00e1ro\u010dn\u00fdch &#8211; povodn\u011b (d\u00edky, p\u0159\u00edrodn\u00ed \u017eivly \u2639), dal\u0161\u00ed probl\u00e9my&#8230; To n\u00e1s v\u0161echny posunulo k tomu, \u017ee chceme pro na\u0161i obec ud\u011blat v\u00edc.<\/p>\n\n\n\n<p style=\"font-size:20px;font-style:normal;font-weight:500\"><br>Kandidujeme proto, \u017ee chceme, aby se tu dob\u0159e \u017eilo v\u0161em &#8211; rodin\u00e1m s d\u011btmi, senior\u016fm, podnikatel\u016fm i v\u0161em ostatn\u00edm, kdo tu maj\u00ed sv\u016fj domov. A taky proto, \u017ee n\u00e1s nebav\u00ed koukat, jak se n\u011bkter\u00e9 v\u011bci \u0159e\u0161\u00ed a\u017e p\u0159\u00edli\u0161 dlouho\u2026A n\u011bkter\u00e9 mo\u017en\u00e1 i v\u016fbec Neslibujeme nere\u00e1ln\u00e9 v\u011bci (leti\u0161t\u011b v Karlovic\u00edch tedy nebude, omlouv\u00e1me se). Nejsme tu od pap\u00edrov\u00e1n\u00ed a byrokratick\u00e9ho my\u0161len\u00ed. <\/p>\n\n\n\n<p style=\"font-size:20px;font-style:normal;font-weight:500\"><\/p>\n\n\n\n<p style=\"font-size:20px;font-style:normal;font-weight:500\">Chceme prost\u011b \u0159e\u0161it va\u0161e ka\u017edodenn\u00ed probl\u00e9my a d\u011blat Karlovice m\u00edstem, kde se dob\u0159e \u017eije. Modern\u00ed obec, kter\u00e1 si zachov\u00e1 sv\u016fj charakter a nezm\u011bn\u00ed se v\u00a0historick\u00fd skanzen.<\/p>\n\n\n\n<p class=\"has-extra-small-font-size\">\ufeff<\/p>\n<\/div><\/div>\n<\/div><\/div>\n","protected":false},"excerpt":{"rendered":"<p>&nbsp;<\/p>\n","protected":false},"author":1,"featured_media":110,"parent":0,"menu_order":0,"comment_status":"closed","ping_status":"closed","template":"page-template\/ibtana-page-template.php","meta":{"_regular_price":[],"currency_symbol":[],"footnotes":""},"class_list":["post-18","page","type-page","status-publish","has-post-thumbnail","hentry"],"post_slider_layout_featured_media_urls":{"thumbnail":["https:\/\/www.iiniciativa.cz\/wp-content\/uploads\/2026\/04\/hruska-pulka-150x150.png",150,150,true],"post_slider_layout_landscape_large":["https:\/\/www.iiniciativa.cz\/wp-content\/uploads\/2026\/04\/hruska-pulka-1024x800.png",1024,800,true],"post_slider_layout_portrait_large":["https:\/\/www.iiniciativa.cz\/wp-content\/uploads\/2026\/04\/hruska-pulka.png",1024,1024,false],"post_slider_layout_square_large":["https:\/\/www.iiniciativa.cz\/wp-content\/uploads\/2026\/04\/hruska-pulka.png",1024,1024,false],"post_slider_layout_landscape":["https:\/\/www.iiniciativa.cz\/wp-content\/uploads\/2026\/04\/hruska-pulka-600x400.png",600,400,true],"post_slider_layout_portrait":["https:\/\/www.iiniciativa.cz\/wp-content\/uploads\/2026\/04\/hruska-pulka-600x900.png",600,900,true],"post_slider_layout_square":["https:\/\/www.iiniciativa.cz\/wp-content\/uploads\/2026\/04\/hruska-pulka-600x600.png",600,600,true],"full":["https:\/\/www.iiniciativa.cz\/wp-content\/uploads\/2026\/04\/hruska-pulka.png",1024,1024,false]},"_links":{"self":[{"href":"https:\/\/www.iiniciativa.cz\/index.php?rest_route=\/wp\/v2\/pages\/18","targetHints":{"allow":["GET"]}}],"collection":[{"href":"https:\/\/www.iiniciativa.cz\/index.php?rest_route=\/wp\/v2\/pages"}],"about":[{"href":"https:\/\/www.iiniciativa.cz\/index.php?rest_route=\/wp\/v2\/types\/page"}],"author":[{"embeddable":true,"href":"https:\/\/www.iiniciativa.cz\/index.php?rest_route=\/wp\/v2\/users\/1"}],"replies":[{"embeddable":true,"href":"https:\/\/www.iiniciativa.cz\/index.php?rest_route=%2Fwp%2Fv2%2Fcomments&post=18"}],"version-history":[{"count":18,"href":"https:\/\/www.iiniciativa.cz\/index.php?rest_route=\/wp\/v2\/pages\/18\/revisions"}],"predecessor-version":[{"id":111,"href":"https:\/\/www.iiniciativa.cz\/index.php?rest_route=\/wp\/v2\/pages\/18\/revisions\/111"}],"wp:featuredmedia":[{"embeddable":true,"href":"https:\/\/www.iiniciativa.cz\/index.php?rest_route=\/wp\/v2\/media\/110"}],"wp:attachment":[{"href":"https:\/\/www.iiniciativa.cz\/index.php?rest_route=%2Fwp%2Fv2%2Fmedia&parent=18"}],"curies":[{"name":"wp","href":"https:\/\/api.w.org\/{rel}","templated":true}]}}